{"id":24,"date":"2025-12-27T20:28:30","date_gmt":"2025-12-27T19:28:30","guid":{"rendered":"http:\/\/frigg-stories.pl\/autoinstalator\/wordpress\/?page_id=24"},"modified":"2026-01-10T15:48:48","modified_gmt":"2026-01-10T14:48:48","slug":"poznajmy-sie-zespol-frigg","status":"publish","type":"page","link":"https:\/\/frigg-stories.pl\/index.php\/poznajmy-sie-zespol-frigg\/","title":{"rendered":"O nas"},"content":{"rendered":"\n<p><\/p>\n\n\n\n<p>Cze\u015b\u0107, tu Ania i Ola \ud83e\udd0d Poznajmy si\u0119 &#8211; Zesp\u00f3\u0142 FRIGG<\/p>\n\n\n\n<p><br>Je\u015bli czytasz bloga <a href=\"http:\/\/www.frigg-stories.pl\">Frigg-Stories<\/a> lub trzymasz w r\u0119kach bi\u017cuteri\u0119 <a href=\"http:\/\/www.frigg-jwl.com\">FRIGG<\/a> albo w\u0142a\u015bnie nas poznajesz to ogromnie si\u0119 cieszymy, \u017ce tu jeste\u015b. Ta marka powsta\u0142a z serca. Z pasji. Z potrzeby tworzenia pi\u0119kna i dzielenia si\u0119 nim z innymi kobietami, takimi jak my. Tak wi\u0119c, poznajmy si\u0119!<\/p>\n\n\n\n<p><\/p>\n\n\n<div class=\"wp-block-image\">\n<figure class=\"aligncenter size-full is-resized\"><a href=\"http:\/\/www.frigg-jwl.com\"><img loading=\"lazy\" decoding=\"async\" width=\"729\" height=\"90\" src=\"https:\/\/frigg-stories.pl\/wp-content\/uploads\/2026\/01\/Baner-maly-Sklep-FRIGG-1.png\" alt=\"\" class=\"wp-image-151\" style=\"width:840px;height:auto\" srcset=\"https:\/\/frigg-stories.pl\/wp-content\/uploads\/2026\/01\/Baner-maly-Sklep-FRIGG-1.png 729w, https:\/\/frigg-stories.pl\/wp-content\/uploads\/2026\/01\/Baner-maly-Sklep-FRIGG-1-300x37.png 300w\" sizes=\"auto, (max-width: 729px) 100vw, 729px\" \/><\/a><\/figure>\n<\/div>\n\n\n<p><\/p>\n\n\n\n<h3 class=\"wp-block-heading\">Poznajmy pocz\u0105tki FRIGG<\/h3>\n\n\n\n<div class=\"wp-block-media-text is-stacked-on-mobile\"><figure class=\"wp-block-media-text__media\"><img loading=\"lazy\" decoding=\"async\" width=\"682\" height=\"1024\" src=\"https:\/\/frigg-stories.pl\/wp-content\/uploads\/2026\/01\/Ania-1-1-682x1024.png\" alt=\"Ania\" class=\"wp-image-104 size-full\" srcset=\"https:\/\/frigg-stories.pl\/wp-content\/uploads\/2026\/01\/Ania-1-1-682x1024.png 682w, https:\/\/frigg-stories.pl\/wp-content\/uploads\/2026\/01\/Ania-1-1-200x300.png 200w, https:\/\/frigg-stories.pl\/wp-content\/uploads\/2026\/01\/Ania-1-1-768x1153.png 768w, https:\/\/frigg-stories.pl\/wp-content\/uploads\/2026\/01\/Ania-1-1-1023x1536.png 1023w, https:\/\/frigg-stories.pl\/wp-content\/uploads\/2026\/01\/Ania-1-1.png 1066w\" sizes=\"auto, (max-width: 682px) 100vw, 682px\" \/><\/figure><div class=\"wp-block-media-text__content\">\n<p>Znamy si\u0119 od ponad 20 lat. Pozna\u0142y\u015bmy si\u0119 na treningach siatk\u00f3wki, jeszcze jako m\u0142ode dziewczyny. Od tamtej pory wiele si\u0119 zmieni\u0142o, ale jedno pozosta\u0142o niezmienne \u2013 przyja\u017a\u0144, kt\u00f3ra z czasem sta\u0142a si\u0119 jeszcze silniejsza dzi\u0119ki wi\u0119zom rodzinnym. Prywatnie jeste\u015bmy szwagierkami, mamami, kobietami, kt\u00f3re \u017cyj\u0105 intensywnie i\u2026 zawsze maj\u0105 o czym rozmawia\u0107. Cz\u0119sto si\u0119 potykamy, gramy w Rummikuba, urz\u0105dzamy rodzinne rozgrywki i zara\u017camy dobr\u0105 energi\u0105, bo u nas sport i ruch to rodzinny styl \u017cycia. Siatk\u00f3wka \ud83c\udfd0 \u0142\u0105czy ca\u0142e pokolenia.<\/p>\n\n\n\n<p>R\u00f3\u017cnimy si\u0119 bardzo, charakterami, temperamentem, spojrzeniem na wiele spraw i w\u0142a\u015bnie dlatego tak dobrze si\u0119 uzupe\u0142niamy. Na co dzie\u0144 pracujemy zawodowo. Znamy tempo codzienno\u015bci, zm\u0119czenie, obowi\u0105zki, presj\u0119 i odpowiedzialno\u015b\u0107. Wiemy te\u017c, jak \u0142atwo w tym wszystkim zapomnie\u0107 o sobie.<\/p>\n<\/div><\/div>\n\n\n\n<div class=\"wp-block-media-text has-media-on-the-right is-stacked-on-mobile\"><div class=\"wp-block-media-text__content\">\n<p><\/p>\n\n\n\n<h3 class=\"wp-block-heading\">I w\u0142a\u015bnie dlatego powsta\u0142a <strong>FRIGG<\/strong>.<\/h3>\n\n\n\n<p>Stworzy\u0142y\u015bmy mark\u0119 bi\u017cuterii damskiej z potrzeby pi\u0119kna, rozwoju i podnoszenia <strong>kobiecej pewno\u015bci siebie<\/strong>. Dla nas <strong>bi\u017cuteria<\/strong> to nie tylko dodatek. To ma\u0142y rytua\u0142. Chwila dla siebie. Symbol tego, \u017ce jeste\u015b wa\u017cna. \u017be zas\u0142ugujesz na to, by czu\u0107 si\u0119 dobrze we w\u0142asnym ciele, w swojej kobieco\u015bci i w swoim stylu.<\/p>\n\n\n\n<p>Tworz\u0105c kolekcje <strong>naszyjnik\u00f3w, kolczyk\u00f3w, bransoletek i pier\u015bcionk\u00f3w<\/strong>, my\u015blimy o kobietach takich jak my \u2013 zabieganych, ambitnych, czu\u0142ych, silnych i wra\u017cliwych jednocze\u015bnie. O kobietach, kt\u00f3re chc\u0105 nosi\u0107 <strong>modn\u0105 bi\u017cuteri\u0119<\/strong>, bi\u017cuteri\u0119 minimalistyczn\u0105, eleganck\u0105, ale przede wszystkim tak\u0105, kt\u00f3ra daje dobre emocje i wzmacnia od \u015brodka.<\/p>\n<\/div><figure class=\"wp-block-media-text__media\"><img loading=\"lazy\" decoding=\"async\" width=\"682\" height=\"1024\" src=\"https:\/\/frigg-stories.pl\/wp-content\/uploads\/2026\/01\/Ola-1-1-682x1024.png\" alt=\"Ola\" class=\"wp-image-106 size-full\" srcset=\"https:\/\/frigg-stories.pl\/wp-content\/uploads\/2026\/01\/Ola-1-1-682x1024.png 682w, https:\/\/frigg-stories.pl\/wp-content\/uploads\/2026\/01\/Ola-1-1-200x300.png 200w, https:\/\/frigg-stories.pl\/wp-content\/uploads\/2026\/01\/Ola-1-1-768x1153.png 768w, https:\/\/frigg-stories.pl\/wp-content\/uploads\/2026\/01\/Ola-1-1-1023x1536.png 1023w, https:\/\/frigg-stories.pl\/wp-content\/uploads\/2026\/01\/Ola-1-1.png 1066w\" sizes=\"auto, (max-width: 682px) 100vw, 682px\" \/><\/figure><\/div>\n\n\n\n<p><\/p>\n\n\n\n<p><em><mark style=\"background-color:rgba(0, 0, 0, 0)\" class=\"has-inline-color has-vivid-cyan-blue-color\">Chcesz wiedzie\u0107 dlaczego nazwa Frigg? Sk\u0105d chmurkowe logo? Poznajmy sekrety marki FRIGG. <a href=\"https:\/\/frigg-stories.pl\/index.php\/2026\/01\/10\/frigg-nordycka-bogini-od-ktorej-wszystko-sie-zaczelo\/\">Zajrzyj do Posta<\/a>, w kt\u00f3rym uchylamy r\u0105bka tajemnicy. <\/mark><\/em><\/p>\n\n\n\n<p><\/p>\n\n\n\n<p>FRIGG to ma\u0142a, rodzinna firma. Ka\u017cdy projekt, ka\u017cda decyzja i ka\u017cdy detal s\u0105 dla nas wa\u017cne. Chcemy, aby nasza bi\u017cuteria przypomina\u0142a Ci ka\u017cdego dnia, \u017ce jeste\u015b wystarczaj\u0105ca. \u017be Twoja warto\u015b\u0107 nie zale\u017cy od opinii innych. \u017be mo\u017cesz by\u0107 sob\u0105, dok\u0142adnie tak\u0105, jaka jeste\u015b.<\/p>\n\n\n\n<p><\/p>\n\n\n\n<figure class=\"wp-block-image size-full is-resized\"><a href=\"http:\/\/www.frigg-stories.pl\"><img loading=\"lazy\" decoding=\"async\" width=\"729\" height=\"120\" src=\"https:\/\/frigg-stories.pl\/wp-content\/uploads\/2026\/01\/Baner-maly-FRIGG-Stories3.png\" alt=\"\" class=\"wp-image-153\" style=\"width:836px;height:auto\" srcset=\"https:\/\/frigg-stories.pl\/wp-content\/uploads\/2026\/01\/Baner-maly-FRIGG-Stories3.png 729w, https:\/\/frigg-stories.pl\/wp-content\/uploads\/2026\/01\/Baner-maly-FRIGG-Stories3-300x49.png 300w\" sizes=\"auto, (max-width: 729px) 100vw, 729px\" \/><\/a><\/figure>\n\n\n\n<p><\/p>\n\n\n\n<p>Nasz\u0105 misj\u0105 jest dodawanie kobietom odwagi, pewno\u015bci siebie i rado\u015bci. Je\u015bli cho\u0107 jedna kobieta, zak\u0142adaj\u0105c bi\u017cuteri\u0119 FRIGG, poczuje si\u0119 pi\u0119kniejsza, silniejsza i bardziej pewna siebie, w\u00f3wczas wiemy, \u017ce to, co robimy, ma sens.<\/p>\n\n\n\n<p>Dzi\u0119kujemy, \u017ce jeste\u015b z nami \ud83e\udd0d<br>Z mi\u0142o\u015bci\u0105 i b\u0142yskiem,<\/p>\n\n\n\n<p><br><strong>Ania &amp; Ola \u2013 FRIGG<\/strong> \u2728<\/p>\n\n\n\n<ul class=\"wp-block-social-links is-layout-flex wp-block-social-links-is-layout-flex\"><li class=\"wp-social-link wp-social-link-facebook  wp-block-social-link\"><a href=\"https:\/\/www.instagram.com\/friggjwl\/\" class=\"wp-block-social-link-anchor\"><svg width=\"24\" height=\"24\" viewBox=\"0 0 24 24\" version=\"1.1\" xmlns=\"http:\/\/www.w3.org\/2000\/svg\" aria-hidden=\"true\" focusable=\"false\"><path d=\"M12 2C6.5 2 2 6.5 2 12c0 5 3.7 9.1 8.4 9.9v-7H7.9V12h2.5V9.8c0-2.5 1.5-3.9 3.8-3.9 1.1 0 2.2.2 2.2.2v2.5h-1.3c-1.2 0-1.6.8-1.6 1.6V12h2.8l-.4 2.9h-2.3v7C18.3 21.1 22 17 22 12c0-5.5-4.5-10-10-10z\"><\/path><\/svg><span class=\"wp-block-social-link-label screen-reader-text\">Facebook<\/span><\/a><\/li>\n\n<li class=\"wp-social-link wp-social-link-instagram  wp-block-social-link\"><a href=\"https:\/\/www.instagram.com\/friggjwl\/\" class=\"wp-block-social-link-anchor\"><svg width=\"24\" height=\"24\" viewBox=\"0 0 24 24\" version=\"1.1\" xmlns=\"http:\/\/www.w3.org\/2000\/svg\" aria-hidden=\"true\" focusable=\"false\"><path d=\"M12,4.622c2.403,0,2.688,0.009,3.637,0.052c0.877,0.04,1.354,0.187,1.671,0.31c0.42,0.163,0.72,0.358,1.035,0.673 c0.315,0.315,0.51,0.615,0.673,1.035c0.123,0.317,0.27,0.794,0.31,1.671c0.043,0.949,0.052,1.234,0.052,3.637 s-0.009,2.688-0.052,3.637c-0.04,0.877-0.187,1.354-0.31,1.671c-0.163,0.42-0.358,0.72-0.673,1.035 c-0.315,0.315-0.615,0.51-1.035,0.673c-0.317,0.123-0.794,0.27-1.671,0.31c-0.949,0.043-1.233,0.052-3.637,0.052 s-2.688-0.009-3.637-0.052c-0.877-0.04-1.354-0.187-1.671-0.31c-0.42-0.163-0.72-0.358-1.035-0.673 c-0.315-0.315-0.51-0.615-0.673-1.035c-0.123-0.317-0.27-0.794-0.31-1.671C4.631,14.688,4.622,14.403,4.622,12 s0.009-2.688,0.052-3.637c0.04-0.877,0.187-1.354,0.31-1.671c0.163-0.42,0.358-0.72,0.673-1.035 c0.315-0.315,0.615-0.51,1.035-0.673c0.317-0.123,0.794-0.27,1.671-0.31C9.312,4.631,9.597,4.622,12,4.622 M12,3 C9.556,3,9.249,3.01,8.289,3.054C7.331,3.098,6.677,3.25,6.105,3.472C5.513,3.702,5.011,4.01,4.511,4.511 c-0.5,0.5-0.808,1.002-1.038,1.594C3.25,6.677,3.098,7.331,3.054,8.289C3.01,9.249,3,9.556,3,12c0,2.444,0.01,2.751,0.054,3.711 c0.044,0.958,0.196,1.612,0.418,2.185c0.23,0.592,0.538,1.094,1.038,1.594c0.5,0.5,1.002,0.808,1.594,1.038 c0.572,0.222,1.227,0.375,2.185,0.418C9.249,20.99,9.556,21,12,21s2.751-0.01,3.711-0.054c0.958-0.044,1.612-0.196,2.185-0.418 c0.592-0.23,1.094-0.538,1.594-1.038c0.5-0.5,0.808-1.002,1.038-1.594c0.222-0.572,0.375-1.227,0.418-2.185 C20.99,14.751,21,14.444,21,12s-0.01-2.751-0.054-3.711c-0.044-0.958-0.196-1.612-0.418-2.185c-0.23-0.592-0.538-1.094-1.038-1.594 c-0.5-0.5-1.002-0.808-1.594-1.038c-0.572-0.222-1.227-0.375-2.185-0.418C14.751,3.01,14.444,3,12,3L12,3z M12,7.378 c-2.552,0-4.622,2.069-4.622,4.622S9.448,16.622,12,16.622s4.622-2.069,4.622-4.622S14.552,7.378,12,7.378z M12,15 c-1.657,0-3-1.343-3-3s1.343-3,3-3s3,1.343,3,3S13.657,15,12,15z M16.804,6.116c-0.596,0-1.08,0.484-1.08,1.08 s0.484,1.08,1.08,1.08c0.596,0,1.08-0.484,1.08-1.08S17.401,6.116,16.804,6.116z\"><\/path><\/svg><span class=\"wp-block-social-link-label screen-reader-text\">Instagram<\/span><\/a><\/li>\n\n<li class=\"wp-social-link wp-social-link-pinterest  wp-block-social-link\"><a href=\"https:\/\/pl.pinterest.com\/FriggJwl\/\" class=\"wp-block-social-link-anchor\"><svg width=\"24\" height=\"24\" viewBox=\"0 0 24 24\" version=\"1.1\" xmlns=\"http:\/\/www.w3.org\/2000\/svg\" aria-hidden=\"true\" focusable=\"false\"><path d=\"M12.289,2C6.617,2,3.606,5.648,3.606,9.622c0,1.846,1.025,4.146,2.666,4.878c0.25,0.111,0.381,0.063,0.439-0.169 c0.044-0.175,0.267-1.029,0.365-1.428c0.032-0.128,0.017-0.237-0.091-0.362C6.445,11.911,6.01,10.75,6.01,9.668 c0-2.777,2.194-5.464,5.933-5.464c3.23,0,5.49,2.108,5.49,5.122c0,3.407-1.794,5.768-4.13,5.768c-1.291,0-2.257-1.021-1.948-2.277 c0.372-1.495,1.089-3.112,1.089-4.191c0-0.967-0.542-1.775-1.663-1.775c-1.319,0-2.379,1.309-2.379,3.059 c0,1.115,0.394,1.869,0.394,1.869s-1.302,5.279-1.54,6.261c-0.405,1.666,0.053,4.368,0.094,4.604 c0.021,0.126,0.167,0.169,0.25,0.063c0.129-0.165,1.699-2.419,2.142-4.051c0.158-0.59,0.817-2.995,0.817-2.995 c0.43,0.784,1.681,1.446,3.013,1.446c3.963,0,6.822-3.494,6.822-7.833C20.394,5.112,16.849,2,12.289,2\"><\/path><\/svg><span class=\"wp-block-social-link-label screen-reader-text\">Pinterest<\/span><\/a><\/li><\/ul>\n\n\n\n<p><\/p>\n","protected":false},"excerpt":{"rendered":"<p>Cze\u015b\u0107, tu Ania i Ola \ud83e\udd0d Poznajmy si\u0119 &#8211; Zesp\u00f3\u0142 FRIGG Je\u015bli czytasz bloga Frigg-Stories lub trzymasz w r\u0119kach bi\u017cuteri\u0119 FRIGG albo w\u0142a\u015bnie nas poznajesz to ogromnie si\u0119 cieszymy, \u017ce tu jeste\u015b. Ta marka powsta\u0142a z serca. Z pasji. Z potrzeby tworzenia pi\u0119kna i dzielenia si\u0119 nim z innymi kobietami, takimi jak my. Tak wi\u0119c, poznajmy si\u0119! Poznajmy pocz\u0105tki FRIGG Znamy si\u0119 od ponad 20 lat. Pozna\u0142y\u015bmy si\u0119 na treningach siatk\u00f3wki, jeszcze jako m\u0142ode dziewczyny. Od tamtej pory wiele si\u0119 zmieni\u0142o, ale jedno pozosta\u0142o niezmienne \u2013 przyja\u017a\u0144, kt\u00f3ra z czasem sta\u0142a si\u0119 jeszcze silniejsza dzi\u0119ki wi\u0119zom rodzinnym. Prywatnie jeste\u015bmy szwagierkami, mamami, kobietami, kt\u00f3re \u017cyj\u0105 intensywnie i\u2026 zawsze maj\u0105 o czym rozmawia\u0107. Cz\u0119sto si\u0119 potykamy, gramy w Rummikuba, urz\u0105dzamy rodzinne rozgrywki i zara\u017camy dobr\u0105 energi\u0105, bo u nas sport i ruch to rodzinny styl \u017cycia. Siatk\u00f3wka \ud83c\udfd0 \u0142\u0105czy ca\u0142e pokolenia. R\u00f3\u017cnimy si\u0119 bardzo, charakterami, temperamentem, spojrzeniem na wiele spraw i w\u0142a\u015bnie dlatego tak dobrze si\u0119 uzupe\u0142niamy. Na co dzie\u0144 pracujemy zawodowo. Znamy tempo codzienno\u015bci, zm\u0119czenie, obowi\u0105zki, presj\u0119 i odpowiedzialno\u015b\u0107. Wiemy te\u017c, jak \u0142atwo w tym wszystkim zapomnie\u0107 o sobie. I w\u0142a\u015bnie dlatego powsta\u0142a FRIGG. Stworzy\u0142y\u015bmy mark\u0119 bi\u017cuterii damskiej z potrzeby pi\u0119kna, rozwoju i podnoszenia kobiecej pewno\u015bci siebie. Dla nas bi\u017cuteria to nie tylko dodatek. To ma\u0142y rytua\u0142. Chwila dla siebie. Symbol tego, \u017ce jeste\u015b wa\u017cna. \u017be zas\u0142ugujesz na to, by czu\u0107 si\u0119 dobrze we w\u0142asnym ciele, w swojej kobieco\u015bci i w swoim stylu. Tworz\u0105c kolekcje naszyjnik\u00f3w, kolczyk\u00f3w, bransoletek i pier\u015bcionk\u00f3w, my\u015blimy o kobietach takich jak my \u2013 zabieganych, ambitnych, czu\u0142ych, silnych i wra\u017cliwych jednocze\u015bnie. O kobietach, kt\u00f3re chc\u0105 nosi\u0107 modn\u0105 bi\u017cuteri\u0119, bi\u017cuteri\u0119 minimalistyczn\u0105, eleganck\u0105, ale przede wszystkim tak\u0105, kt\u00f3ra daje dobre emocje i wzmacnia od \u015brodka. Chcesz wiedzie\u0107 dlaczego nazwa Frigg? Sk\u0105d chmurkowe logo? Poznajmy sekrety marki FRIGG. Zajrzyj do Posta, w kt\u00f3rym uchylamy r\u0105bka tajemnicy. FRIGG to ma\u0142a, rodzinna firma. Ka\u017cdy projekt, ka\u017cda decyzja i ka\u017cdy detal s\u0105 dla nas wa\u017cne. Chcemy, aby nasza bi\u017cuteria przypomina\u0142a Ci ka\u017cdego dnia, \u017ce jeste\u015b wystarczaj\u0105ca. \u017be Twoja warto\u015b\u0107 nie zale\u017cy od opinii innych. \u017be mo\u017cesz by\u0107 sob\u0105, dok\u0142adnie tak\u0105, jaka jeste\u015b. Nasz\u0105 misj\u0105 jest dodawanie kobietom odwagi, pewno\u015bci siebie i rado\u015bci. Je\u015bli cho\u0107 jedna kobieta, zak\u0142adaj\u0105c bi\u017cuteri\u0119 FRIGG, poczuje si\u0119 pi\u0119kniejsza, silniejsza i bardziej pewna siebie, w\u00f3wczas wiemy, \u017ce to, co robimy, ma sens. Dzi\u0119kujemy, \u017ce jeste\u015b z nami \ud83e\udd0dZ mi\u0142o\u015bci\u0105 i b\u0142yskiem, Ania &amp; Ola \u2013 FRIGG \u2728<\/p>\n","protected":false},"author":1,"featured_media":105,"parent":0,"menu_order":0,"comment_status":"closed","ping_status":"closed","template":"","meta":{"footnotes":""},"class_list":["post-24","page","type-page","status-publish","has-post-thumbnail","hentry"],"yoast_head":"<!-- This site is optimized with the Yoast SEO plugin v27.4 - https:\/\/yoast.com\/product\/yoast-seo-wordpress\/ -->\n<title>Poznajmy si\u0119 - Zesp\u00f3\u0142 FRIGG - Frigg-Stories O nas<\/title>\n<meta name=\"description\" content=\"Poznajmy zesp\u00f3\u0142 FRIGG \u2013 dwie kobiety, kt\u00f3re z pasji tworz\u0105 bi\u017cuteri\u0119 pe\u0142n\u0105 emocji, kobiecej si\u0142y i pi\u0119knych historii.\" \/>\n<meta name=\"robots\" content=\"index, follow, max-snippet:-1, max-image-preview:large, max-video-preview:-1\" \/>\n<link rel=\"canonical\" href=\"https:\/\/frigg-stories.pl\/index.php\/poznajmy-sie-zespol-frigg\/\" \/>\n<meta property=\"og:locale\" content=\"pl_PL\" \/>\n<meta property=\"og:type\" content=\"article\" \/>\n<meta property=\"og:title\" content=\"Poznajmy si\u0119 - Zesp\u00f3\u0142 FRIGG - Frigg-Stories O nas\" \/>\n<meta property=\"og:description\" content=\"Poznajmy zesp\u00f3\u0142 FRIGG \u2013 dwie kobiety, kt\u00f3re z pasji tworz\u0105 bi\u017cuteri\u0119 pe\u0142n\u0105 emocji, kobiecej si\u0142y i pi\u0119knych historii.\" \/>\n<meta property=\"og:url\" content=\"https:\/\/frigg-stories.pl\/index.php\/poznajmy-sie-zespol-frigg\/\" \/>\n<meta property=\"og:site_name\" content=\"Frigg-Stories\" \/>\n<meta property=\"article:publisher\" content=\"https:\/\/www.facebook.com\/FriggsJwl\/\" \/>\n<meta property=\"article:modified_time\" content=\"2026-01-10T14:48:48+00:00\" \/>\n<meta property=\"og:image\" content=\"https:\/\/frigg-stories.pl\/wp-content\/uploads\/2026\/01\/AniaOla_Projekty-1-1024x682.png\" \/>\n\t<meta property=\"og:image:width\" content=\"1024\" \/>\n\t<meta property=\"og:image:height\" content=\"682\" \/>\n\t<meta property=\"og:image:type\" content=\"image\/png\" \/>\n<meta name=\"twitter:card\" content=\"summary_large_image\" \/>\n<meta name=\"twitter:label1\" content=\"Szacowany czas czytania\" \/>\n\t<meta name=\"twitter:data1\" content=\"4 minuty\" \/>\n<script type=\"application\/ld+json\" class=\"yoast-schema-graph\">{\"@context\":\"https:\\\/\\\/schema.org\",\"@graph\":[{\"@type\":\"WebPage\",\"@id\":\"https:\\\/\\\/frigg-stories.pl\\\/index.php\\\/poznajmy-sie-zespol-frigg\\\/\",\"url\":\"https:\\\/\\\/frigg-stories.pl\\\/index.php\\\/poznajmy-sie-zespol-frigg\\\/\",\"name\":\"Poznajmy si\u0119 - Zesp\u00f3\u0142 FRIGG - Frigg-Stories O nas\",\"isPartOf\":{\"@id\":\"https:\\\/\\\/frigg-stories.pl\\\/#website\"},\"primaryImageOfPage\":{\"@id\":\"https:\\\/\\\/frigg-stories.pl\\\/index.php\\\/poznajmy-sie-zespol-frigg\\\/#primaryimage\"},\"image\":{\"@id\":\"https:\\\/\\\/frigg-stories.pl\\\/index.php\\\/poznajmy-sie-zespol-frigg\\\/#primaryimage\"},\"thumbnailUrl\":\"https:\\\/\\\/frigg-stories.pl\\\/wp-content\\\/uploads\\\/2026\\\/01\\\/AniaOla_Projekty-1.png\",\"datePublished\":\"2025-12-27T19:28:30+00:00\",\"dateModified\":\"2026-01-10T14:48:48+00:00\",\"description\":\"Poznajmy zesp\u00f3\u0142 FRIGG \u2013 dwie kobiety, kt\u00f3re z pasji tworz\u0105 bi\u017cuteri\u0119 pe\u0142n\u0105 emocji, kobiecej si\u0142y i pi\u0119knych historii.\",\"breadcrumb\":{\"@id\":\"https:\\\/\\\/frigg-stories.pl\\\/index.php\\\/poznajmy-sie-zespol-frigg\\\/#breadcrumb\"},\"inLanguage\":\"pl-PL\",\"potentialAction\":[{\"@type\":\"ReadAction\",\"target\":[\"https:\\\/\\\/frigg-stories.pl\\\/index.php\\\/poznajmy-sie-zespol-frigg\\\/\"]}]},{\"@type\":\"ImageObject\",\"inLanguage\":\"pl-PL\",\"@id\":\"https:\\\/\\\/frigg-stories.pl\\\/index.php\\\/poznajmy-sie-zespol-frigg\\\/#primaryimage\",\"url\":\"https:\\\/\\\/frigg-stories.pl\\\/wp-content\\\/uploads\\\/2026\\\/01\\\/AniaOla_Projekty-1.png\",\"contentUrl\":\"https:\\\/\\\/frigg-stories.pl\\\/wp-content\\\/uploads\\\/2026\\\/01\\\/AniaOla_Projekty-1.png\",\"width\":1800,\"height\":1199,\"caption\":\"Ania&Ola- Zesp\u00f3\u0142 FRIGG\"},{\"@type\":\"BreadcrumbList\",\"@id\":\"https:\\\/\\\/frigg-stories.pl\\\/index.php\\\/poznajmy-sie-zespol-frigg\\\/#breadcrumb\",\"itemListElement\":[{\"@type\":\"ListItem\",\"position\":1,\"name\":\"Strona g\u0142\u00f3wna\",\"item\":\"https:\\\/\\\/frigg-stories.pl\\\/\"},{\"@type\":\"ListItem\",\"position\":2,\"name\":\"O nas\"}]},{\"@type\":\"WebSite\",\"@id\":\"https:\\\/\\\/frigg-stories.pl\\\/#website\",\"url\":\"https:\\\/\\\/frigg-stories.pl\\\/\",\"name\":\"Frigg-Stories\",\"description\":\"Historie pisane blaskiem\",\"publisher\":{\"@id\":\"https:\\\/\\\/frigg-stories.pl\\\/#organization\"},\"potentialAction\":[{\"@type\":\"SearchAction\",\"target\":{\"@type\":\"EntryPoint\",\"urlTemplate\":\"https:\\\/\\\/frigg-stories.pl\\\/?s={search_term_string}\"},\"query-input\":{\"@type\":\"PropertyValueSpecification\",\"valueRequired\":true,\"valueName\":\"search_term_string\"}}],\"inLanguage\":\"pl-PL\"},{\"@type\":\"Organization\",\"@id\":\"https:\\\/\\\/frigg-stories.pl\\\/#organization\",\"name\":\"Frigg sp. z o.o.\",\"url\":\"https:\\\/\\\/frigg-stories.pl\\\/\",\"logo\":{\"@type\":\"ImageObject\",\"inLanguage\":\"pl-PL\",\"@id\":\"https:\\\/\\\/frigg-stories.pl\\\/#\\\/schema\\\/logo\\\/image\\\/\",\"url\":\"https:\\\/\\\/frigg-stories.pl\\\/wp-content\\\/uploads\\\/2026\\\/01\\\/frigg_logo_rgb_gold_gradient-scaled.png\",\"contentUrl\":\"https:\\\/\\\/frigg-stories.pl\\\/wp-content\\\/uploads\\\/2026\\\/01\\\/frigg_logo_rgb_gold_gradient-scaled.png\",\"width\":2560,\"height\":2433,\"caption\":\"Frigg sp. z o.o.\"},\"image\":{\"@id\":\"https:\\\/\\\/frigg-stories.pl\\\/#\\\/schema\\\/logo\\\/image\\\/\"},\"sameAs\":[\"https:\\\/\\\/www.facebook.com\\\/FriggsJwl\\\/\",\"https:\\\/\\\/www.instagram.com\\\/friggjwl\\\/\",\"https:\\\/\\\/pl.pinterest.com\\\/FriggJwl\\\/\"]}]}<\/script>\n<!-- \/ Yoast SEO plugin. -->","yoast_head_json":{"title":"Poznajmy si\u0119 - Zesp\u00f3\u0142 FRIGG - Frigg-Stories O nas","description":"Poznajmy zesp\u00f3\u0142 FRIGG \u2013 dwie kobiety, kt\u00f3re z pasji tworz\u0105 bi\u017cuteri\u0119 pe\u0142n\u0105 emocji, kobiecej si\u0142y i pi\u0119knych historii.","robots":{"index":"index","follow":"follow","max-snippet":"max-snippet:-1","max-image-preview":"max-image-preview:large","max-video-preview":"max-video-preview:-1"},"canonical":"https:\/\/frigg-stories.pl\/index.php\/poznajmy-sie-zespol-frigg\/","og_locale":"pl_PL","og_type":"article","og_title":"Poznajmy si\u0119 - Zesp\u00f3\u0142 FRIGG - Frigg-Stories O nas","og_description":"Poznajmy zesp\u00f3\u0142 FRIGG \u2013 dwie kobiety, kt\u00f3re z pasji tworz\u0105 bi\u017cuteri\u0119 pe\u0142n\u0105 emocji, kobiecej si\u0142y i pi\u0119knych historii.","og_url":"https:\/\/frigg-stories.pl\/index.php\/poznajmy-sie-zespol-frigg\/","og_site_name":"Frigg-Stories","article_publisher":"https:\/\/www.facebook.com\/FriggsJwl\/","article_modified_time":"2026-01-10T14:48:48+00:00","og_image":[{"width":1024,"height":682,"url":"https:\/\/frigg-stories.pl\/wp-content\/uploads\/2026\/01\/AniaOla_Projekty-1-1024x682.png","type":"image\/png"}],"twitter_card":"summary_large_image","twitter_misc":{"Szacowany czas czytania":"4 minuty"},"schema":{"@context":"https:\/\/schema.org","@graph":[{"@type":"WebPage","@id":"https:\/\/frigg-stories.pl\/index.php\/poznajmy-sie-zespol-frigg\/","url":"https:\/\/frigg-stories.pl\/index.php\/poznajmy-sie-zespol-frigg\/","name":"Poznajmy si\u0119 - Zesp\u00f3\u0142 FRIGG - Frigg-Stories O nas","isPartOf":{"@id":"https:\/\/frigg-stories.pl\/#website"},"primaryImageOfPage":{"@id":"https:\/\/frigg-stories.pl\/index.php\/poznajmy-sie-zespol-frigg\/#primaryimage"},"image":{"@id":"https:\/\/frigg-stories.pl\/index.php\/poznajmy-sie-zespol-frigg\/#primaryimage"},"thumbnailUrl":"https:\/\/frigg-stories.pl\/wp-content\/uploads\/2026\/01\/AniaOla_Projekty-1.png","datePublished":"2025-12-27T19:28:30+00:00","dateModified":"2026-01-10T14:48:48+00:00","description":"Poznajmy zesp\u00f3\u0142 FRIGG \u2013 dwie kobiety, kt\u00f3re z pasji tworz\u0105 bi\u017cuteri\u0119 pe\u0142n\u0105 emocji, kobiecej si\u0142y i pi\u0119knych historii.","breadcrumb":{"@id":"https:\/\/frigg-stories.pl\/index.php\/poznajmy-sie-zespol-frigg\/#breadcrumb"},"inLanguage":"pl-PL","potentialAction":[{"@type":"ReadAction","target":["https:\/\/frigg-stories.pl\/index.php\/poznajmy-sie-zespol-frigg\/"]}]},{"@type":"ImageObject","inLanguage":"pl-PL","@id":"https:\/\/frigg-stories.pl\/index.php\/poznajmy-sie-zespol-frigg\/#primaryimage","url":"https:\/\/frigg-stories.pl\/wp-content\/uploads\/2026\/01\/AniaOla_Projekty-1.png","contentUrl":"https:\/\/frigg-stories.pl\/wp-content\/uploads\/2026\/01\/AniaOla_Projekty-1.png","width":1800,"height":1199,"caption":"Ania&Ola- Zesp\u00f3\u0142 FRIGG"},{"@type":"BreadcrumbList","@id":"https:\/\/frigg-stories.pl\/index.php\/poznajmy-sie-zespol-frigg\/#breadcrumb","itemListElement":[{"@type":"ListItem","position":1,"name":"Strona g\u0142\u00f3wna","item":"https:\/\/frigg-stories.pl\/"},{"@type":"ListItem","position":2,"name":"O nas"}]},{"@type":"WebSite","@id":"https:\/\/frigg-stories.pl\/#website","url":"https:\/\/frigg-stories.pl\/","name":"Frigg-Stories","description":"Historie pisane blaskiem","publisher":{"@id":"https:\/\/frigg-stories.pl\/#organization"},"potentialAction":[{"@type":"SearchAction","target":{"@type":"EntryPoint","urlTemplate":"https:\/\/frigg-stories.pl\/?s={search_term_string}"},"query-input":{"@type":"PropertyValueSpecification","valueRequired":true,"valueName":"search_term_string"}}],"inLanguage":"pl-PL"},{"@type":"Organization","@id":"https:\/\/frigg-stories.pl\/#organization","name":"Frigg sp. z o.o.","url":"https:\/\/frigg-stories.pl\/","logo":{"@type":"ImageObject","inLanguage":"pl-PL","@id":"https:\/\/frigg-stories.pl\/#\/schema\/logo\/image\/","url":"https:\/\/frigg-stories.pl\/wp-content\/uploads\/2026\/01\/frigg_logo_rgb_gold_gradient-scaled.png","contentUrl":"https:\/\/frigg-stories.pl\/wp-content\/uploads\/2026\/01\/frigg_logo_rgb_gold_gradient-scaled.png","width":2560,"height":2433,"caption":"Frigg sp. z o.o."},"image":{"@id":"https:\/\/frigg-stories.pl\/#\/schema\/logo\/image\/"},"sameAs":["https:\/\/www.facebook.com\/FriggsJwl\/","https:\/\/www.instagram.com\/friggjwl\/","https:\/\/pl.pinterest.com\/FriggJwl\/"]}]}},"_links":{"self":[{"href":"https:\/\/frigg-stories.pl\/index.php\/wp-json\/wp\/v2\/pages\/24","targetHints":{"allow":["GET"]}}],"collection":[{"href":"https:\/\/frigg-stories.pl\/index.php\/wp-json\/wp\/v2\/pages"}],"about":[{"href":"https:\/\/frigg-stories.pl\/index.php\/wp-json\/wp\/v2\/types\/page"}],"author":[{"embeddable":true,"href":"https:\/\/frigg-stories.pl\/index.php\/wp-json\/wp\/v2\/users\/1"}],"replies":[{"embeddable":true,"href":"https:\/\/frigg-stories.pl\/index.php\/wp-json\/wp\/v2\/comments?post=24"}],"version-history":[{"count":16,"href":"https:\/\/frigg-stories.pl\/index.php\/wp-json\/wp\/v2\/pages\/24\/revisions"}],"predecessor-version":[{"id":202,"href":"https:\/\/frigg-stories.pl\/index.php\/wp-json\/wp\/v2\/pages\/24\/revisions\/202"}],"wp:featuredmedia":[{"embeddable":true,"href":"https:\/\/frigg-stories.pl\/index.php\/wp-json\/wp\/v2\/media\/105"}],"wp:attachment":[{"href":"https:\/\/frigg-stories.pl\/index.php\/wp-json\/wp\/v2\/media?parent=24"}],"curies":[{"name":"wp","href":"https:\/\/api.w.org\/{rel}","templated":true}]}}